{"id":356,"date":"2024-10-20T14:20:33","date_gmt":"2024-10-20T13:20:33","guid":{"rendered":"http:\/\/localhost:8080\/?page_id=356"},"modified":"2024-10-20T15:48:44","modified_gmt":"2024-10-20T14:48:44","slug":"institucional","status":"publish","type":"page","link":"https:\/\/www.granjacaipixaba.com.br\/","title":{"rendered":"Institucional"},"content":{"rendered":"\n<p>A Granja Caipixaba Ltda, foi fundada em 1996 no munic\u00edpio de Marechal Floriano \/ ES com o prop\u00f3sito de aplicar um novo conceito de avicultura no Estado unindo a longa experi\u00eancia profissional com o que havia de melhor geneticamente no mercado para oferecer e mostrar aos capixabas uma maneira alternativa de se criar frango, inserindo linhagens j\u00e1 existentes por\u00e9m pouco conhecidas, diferenciando-se do tradicional frango de corte. O nome \u00e9 resultado da jun\u00e7\u00e3o das palavras &#8220;<strong>Cai<\/strong>pira&#8221; e &#8220;Ca<strong>pixaba<\/strong>&#8220;.<\/p>\n\n\n\n<p>Com a <strong>Vis\u00e3o<\/strong> de &#8220;Um mundo onde o consumo de alimentos naturalmente saud\u00e1veis contribuam diretamente para o aumento da qualidade de vida das pessoas&#8221; e a <strong>Miss\u00e3o<\/strong> de &#8220;Produzir e comercializar pintainhos de 01 dia resgatando e incentivando a cria\u00e7\u00e3o r\u00fastica introduzindo constantemente novas linhagens que tragam consigo a rusticidade e o paladar caracter\u00edsticos do frango caipira&#8221; apresentamos a v\u00f3s nossa empresa.<\/p>\n","protected":false},"excerpt":{"rendered":"<p>A Granja Caipixaba Ltda, foi fundada em 1996 no munic\u00edpio de Marechal Floriano \/ ES com o prop\u00f3sito de aplicar um novo conceito de avicultura no Estado unindo a longa experi\u00eancia profissional com o que havia de melhor geneticamente no mercado para oferecer e mostrar aos capixabas uma maneira alternativa de se criar frango, inserindo &hellip; <\/p>\n<p class=\"link-more\"><a href=\"https:\/\/www.granjacaipixaba.com.br\/\" class=\"more-link\">Continue reading<span class=\"screen-reader-text\"> &#8220;Institucional&#8221;<\/span><\/a><\/p>\n","protected":false},"author":1,"featured_media":354,"parent":0,"menu_order":0,"comment_status":"closed","ping_status":"closed","template":"","meta":{"footnotes":""},"class_list":["post-356","page","type-page","status-publish","has-post-thumbnail","hentry"],"_links":{"self":[{"href":"https:\/\/www.granjacaipixaba.com.br\/index.php?rest_route=\/wp\/v2\/pages\/356","targetHints":{"allow":["GET"]}}],"collection":[{"href":"https:\/\/www.granjacaipixaba.com.br\/index.php?rest_route=\/wp\/v2\/pages"}],"about":[{"href":"https:\/\/www.granjacaipixaba.com.br\/index.php?rest_route=\/wp\/v2\/types\/page"}],"author":[{"embeddable":true,"href":"https:\/\/www.granjacaipixaba.com.br\/index.php?rest_route=\/wp\/v2\/users\/1"}],"replies":[{"embeddable":true,"href":"https:\/\/www.granjacaipixaba.com.br\/index.php?rest_route=%2Fwp%2Fv2%2Fcomments&post=356"}],"version-history":[{"count":2,"href":"https:\/\/www.granjacaipixaba.com.br\/index.php?rest_route=\/wp\/v2\/pages\/356\/revisions"}],"predecessor-version":[{"id":389,"href":"https:\/\/www.granjacaipixaba.com.br\/index.php?rest_route=\/wp\/v2\/pages\/356\/revisions\/389"}],"wp:featuredmedia":[{"embeddable":true,"href":"https:\/\/www.granjacaipixaba.com.br\/index.php?rest_route=\/wp\/v2\/media\/354"}],"wp:attachment":[{"href":"https:\/\/www.granjacaipixaba.com.br\/index.php?rest_route=%2Fwp%2Fv2%2Fmedia&parent=356"}],"curies":[{"name":"wp","href":"https:\/\/api.w.org\/{rel}","templated":true}]}}