{"id":362,"date":"2024-10-20T14:24:56","date_gmt":"2024-10-20T13:24:56","guid":{"rendered":"http:\/\/localhost:8080\/?page_id=362"},"modified":"2024-10-20T15:52:58","modified_gmt":"2024-10-20T14:52:58","slug":"perguntas-frequentes-continuacao","status":"publish","type":"page","link":"https:\/\/www.granjacaipixaba.com.br\/?page_id=362","title":{"rendered":"Perguntas frequentes &#8211; continua\u00e7\u00e3o"},"content":{"rendered":"\n<p><strong>O que \u00e9 necess\u00e1rio para efetuar uma compra?<\/strong><\/p>\n\n\n\n<p>As vendas poder\u00e3o ser realizadas apenas para pessoas F\u00edsicas ou Jur\u00eddicas que informem o c\u00f3digo do estabelecimento fornecido para venda ou produ\u00e7\u00e3o de pintos de um dia pelo Org\u00e3o Fiscalizador indicado pelo Minist\u00e9rio da Agricultura em seu Estado (ex: IMA \u2013 MG, IDAF \u2013 ES, SEAPEC \u2013 RJ, ADAB \u2013 BA etc ). Estes dados s\u00e3o necess\u00e1rios para emiss\u00e3o de Guia de Tr\u00e2nsito Animal.<br>Opcionalmente, caso n\u00e3o possua tal registro, o que impede aquisi\u00e7\u00e3o direta, os produtos poder\u00e3o ser adquiridos juntamente aos nossos clientes j\u00e1 devidamente cadastrados.<br>Ap\u00f3s aprova\u00e7\u00e3o da an\u00e1lise de cr\u00e9dito e cadastro efetivados os pedidos de fornecimento poder\u00e3o serem feitos com, no m\u00ednimo, 28 dias de anteced\u00eancia, per\u00edodo necess\u00e1rio para agendamento e incuba\u00e7\u00e3o.<\/p>\n\n\n\n<p><strong>Quais as condi\u00e7\u00f5es de pagamento?<\/strong><\/p>\n\n\n\n<p>As tr\u00eas primeiras compras somente ser\u00e3o efetuadas mediante pagamento antecipado do boleto banc\u00e1rio emitido. Os pedidos consecutivos possuem prazo de pagamento de 10 dias.<\/p>\n\n\n\n<p><strong>Qual volume m\u00ednimo para compra?<\/strong><\/p>\n\n\n\n<p>A quantidade m\u00ednima para fornecimento \u00e9 de 100 unidades. Quantidades maiores poder\u00e3o ser necess\u00e1rias para cubrir custos de deslocamento para pedidos entregues distantes das rotas atuais.<\/p>\n\n\n\n<p><strong>Posso adquirir ovos f\u00e9rteis ou aves recriadas?<\/strong><\/p>\n\n\n\n<p>N\u00e3o. O Estabelecimento est\u00e1 autorizado pelo Minist\u00e9rio de Agricultura, Pecu\u00e1ria e Abastecimento \u2013 MAPA \u2013 a fornecer apenas aves de 1 ( um ) dia.<\/p>\n\n\n\n<p><strong>Qual a forma de transporte dispon\u00edvel?<\/strong><\/p>\n\n\n\n<p>As entregas s\u00e3o realizadas exclusivamente atrav\u00e9s de transporte pr\u00f3prio com rotas percorridas quinzenalmente.<br>Infelizmente, devido burocracia e restri\u00e7\u00f5es atuais impostas pelas empresas, n\u00e3o mais realizamos despachos a\u00e9reos.<\/p>\n\n\n\n<p><strong>Quais vacinas s\u00e3o aplicadas?<\/strong><\/p>\n\n\n\n<p>Todas as aves recebem vacina\u00e7\u00e3o in-ovo contra Marek cepa HVT e Bouba Avi\u00e1ria ( Suave ) no d\u00e9cimo nono dia de incuba\u00e7\u00e3o. Adicionalmente as linhagens destinadas a postura recebem, al\u00e9m da cepa HVT, vacina contra Marek cepa CVI.<\/p>\n\n\n\n<p><strong>Posso agendar uma visita?<\/strong><\/p>\n\n\n\n<p>N\u00e3o. Os N\u00facleos de produ\u00e7\u00e3o s\u00e3o controlados com barreiras sanit\u00e1rias sendo vedada qualquer tipo de visita\u00e7\u00e3o. O ambiente de Matrizeiro \u00e9 diferenciado daquele de produ\u00e7\u00e3o Comercial em nada contribuindo para sanar d\u00favidas geralmente atribu\u00eddas a esta \u00faltima.<br>Para maiores informa\u00e7\u00f5es referente a cria\u00e7\u00e3o colonial favor procurar maiores informa\u00e7\u00f5es nos folhetos disponibilizados pelos desenvolvedores de gen\u00e9tica na se\u00e7\u00e3o \u201cLinks Interessantes\u201d abaixo, m\u00e9dicos Veterin\u00e1rios de sua confian\u00e7a ou entre em contato.<\/p>\n\n\n\n<p><strong>Onde consigo maiores informa\u00e7\u00e3es sobre a Linhagem Embrapa 51?<\/strong><\/p>\n\n\n\n<p>O manual de manejo oficial pode ser encontrado diretamente na <a rel=\"noreferrer noopener\" href=\"http:\/\/www.infoteca.cnptia.embrapa.br\/bitstream\/doc\/439686\/1\/FlManejodasPoedeiras.pdf\" target=\"_blank\">Infoteca Embrapa<\/a> e tamb\u00e9m em v\u00eddeo oficial <a rel=\"noreferrer noopener\" href=\"http:\/\/www.youtube.com\/watch?v=uDE6ChA3F4E\" target=\"_blank\">\u201cDia de Campo na TV\u201d no Youtube<\/a> .<\/p>\n\n\n\n<p><strong>Como saber se o frango \u00e9 realmente \u201ccaipira\u201d?<\/strong><\/p>\n\n\n\n<ul class=\"wp-block-list\">\n<li>Adquirindo de fornecedor com certificado de garantia de proced\u00eancia das aves.<\/li>\n\n\n\n<li>Pigmenta\u00e7\u00e3o, textura, distribui\u00e7\u00e3o de gordura e sabor da carne.<\/li>\n\n\n\n<li>Forma\u00e7\u00e3o e caracter\u00edsticas da carca\u00e7a.<\/li>\n<\/ul>\n\n\n\n<p><\/p>\n","protected":false},"excerpt":{"rendered":"<p>O que \u00e9 necess\u00e1rio para efetuar uma compra? As vendas poder\u00e3o ser realizadas apenas para pessoas F\u00edsicas ou Jur\u00eddicas que informem o c\u00f3digo do estabelecimento fornecido para venda ou produ\u00e7\u00e3o de pintos de um dia pelo Org\u00e3o Fiscalizador indicado pelo Minist\u00e9rio da Agricultura em seu Estado (ex: IMA \u2013 MG, IDAF \u2013 ES, SEAPEC \u2013 &hellip; <\/p>\n<p class=\"link-more\"><a href=\"https:\/\/www.granjacaipixaba.com.br\/?page_id=362\" class=\"more-link\">Continue reading<span class=\"screen-reader-text\"> &#8220;Perguntas frequentes &#8211; continua\u00e7\u00e3o&#8221;<\/span><\/a><\/p>\n","protected":false},"author":1,"featured_media":305,"parent":0,"menu_order":0,"comment_status":"closed","ping_status":"closed","template":"","meta":{"footnotes":""},"class_list":["post-362","page","type-page","status-publish","has-post-thumbnail","hentry"],"_links":{"self":[{"href":"https:\/\/www.granjacaipixaba.com.br\/index.php?rest_route=\/wp\/v2\/pages\/362","targetHints":{"allow":["GET"]}}],"collection":[{"href":"https:\/\/www.granjacaipixaba.com.br\/index.php?rest_route=\/wp\/v2\/pages"}],"about":[{"href":"https:\/\/www.granjacaipixaba.com.br\/index.php?rest_route=\/wp\/v2\/types\/page"}],"author":[{"embeddable":true,"href":"https:\/\/www.granjacaipixaba.com.br\/index.php?rest_route=\/wp\/v2\/users\/1"}],"replies":[{"embeddable":true,"href":"https:\/\/www.granjacaipixaba.com.br\/index.php?rest_route=%2Fwp%2Fv2%2Fcomments&post=362"}],"version-history":[{"count":1,"href":"https:\/\/www.granjacaipixaba.com.br\/index.php?rest_route=\/wp\/v2\/pages\/362\/revisions"}],"predecessor-version":[{"id":363,"href":"https:\/\/www.granjacaipixaba.com.br\/index.php?rest_route=\/wp\/v2\/pages\/362\/revisions\/363"}],"wp:featuredmedia":[{"embeddable":true,"href":"https:\/\/www.granjacaipixaba.com.br\/index.php?rest_route=\/wp\/v2\/media\/305"}],"wp:attachment":[{"href":"https:\/\/www.granjacaipixaba.com.br\/index.php?rest_route=%2Fwp%2Fv2%2Fmedia&parent=362"}],"curies":[{"name":"wp","href":"https:\/\/api.w.org\/{rel}","templated":true}]}}