{"id":366,"date":"2024-10-20T14:26:35","date_gmt":"2024-10-20T13:26:35","guid":{"rendered":"http:\/\/localhost:8080\/?page_id=366"},"modified":"2024-10-20T15:54:07","modified_gmt":"2024-10-20T14:54:07","slug":"porque-ser-cliente-continuacao","status":"publish","type":"page","link":"https:\/\/www.granjacaipixaba.com.br\/?page_id=366","title":{"rendered":"Porque ser cliente &#8211; continua\u00e7\u00e3o"},"content":{"rendered":"\n<p><strong>Por que ter o produto Granja Caipixaba na sua cria\u00e7\u00e3o de Frangos Caipiras?<\/strong><\/p>\n\n\n\n<ul class=\"wp-block-list\">\n<li>Por trabalhar com gen\u00e9tica do leg\u00edtimo frango de origem Francesa, para engorda, e Embrapa, para postura.<\/li>\n\n\n\n<li>Por renovar seu material gen\u00e9tico a cada semestre resultando em melhor desempenho. Aves com proced\u00eancia de linhagem pura aumentando o potencial gen\u00e9tico do pintinho.<\/li>\n\n\n\n<li>Por possuir todos os n\u00facleos de produ\u00e7\u00e3o registrados e certificados pelo MAPA \u2013 Minist\u00e9rio da Agricultura \u2013 sendo toda produ\u00e7\u00e3o submetida a controles constantes e cont\u00ednuos por an\u00e1lises laboratoriais garantindo, assim, a sanidade dos produtos ofertados.<\/li>\n\n\n\n<li>Por oferecer ao mercado aves saud\u00e1veis que apresentam o m\u00e1ximo desempenho produtivo e caracter\u00edsticas pela rusticidade, bom ganho de peso e convers\u00e3o alimentar.<\/li>\n<\/ul>\n\n\n\n<p><strong>Exiga sempre:<\/strong><\/p>\n\n\n\n<ul class=\"wp-block-list\">\n<li>Nota Fiscal.<\/li>\n\n\n\n<li>Guia de Tr\u00e2nsito Animal.<\/li>\n\n\n\n<li>Certificados do MAPA \u2013 Minist\u00e9rio da Agricultura.<\/li>\n\n\n\n<li>Comprova\u00e7\u00e3o de origem do produto.<\/li>\n<\/ul>\n\n\n\n<p><\/p>\n","protected":false},"excerpt":{"rendered":"<p>Por que ter o produto Granja Caipixaba na sua cria\u00e7\u00e3o de Frangos Caipiras? Exiga sempre:<\/p>\n","protected":false},"author":1,"featured_media":297,"parent":0,"menu_order":0,"comment_status":"closed","ping_status":"closed","template":"","meta":{"footnotes":""},"class_list":["post-366","page","type-page","status-publish","has-post-thumbnail","hentry"],"_links":{"self":[{"href":"https:\/\/www.granjacaipixaba.com.br\/index.php?rest_route=\/wp\/v2\/pages\/366","targetHints":{"allow":["GET"]}}],"collection":[{"href":"https:\/\/www.granjacaipixaba.com.br\/index.php?rest_route=\/wp\/v2\/pages"}],"about":[{"href":"https:\/\/www.granjacaipixaba.com.br\/index.php?rest_route=\/wp\/v2\/types\/page"}],"author":[{"embeddable":true,"href":"https:\/\/www.granjacaipixaba.com.br\/index.php?rest_route=\/wp\/v2\/users\/1"}],"replies":[{"embeddable":true,"href":"https:\/\/www.granjacaipixaba.com.br\/index.php?rest_route=%2Fwp%2Fv2%2Fcomments&post=366"}],"version-history":[{"count":1,"href":"https:\/\/www.granjacaipixaba.com.br\/index.php?rest_route=\/wp\/v2\/pages\/366\/revisions"}],"predecessor-version":[{"id":367,"href":"https:\/\/www.granjacaipixaba.com.br\/index.php?rest_route=\/wp\/v2\/pages\/366\/revisions\/367"}],"wp:featuredmedia":[{"embeddable":true,"href":"https:\/\/www.granjacaipixaba.com.br\/index.php?rest_route=\/wp\/v2\/media\/297"}],"wp:attachment":[{"href":"https:\/\/www.granjacaipixaba.com.br\/index.php?rest_route=%2Fwp%2Fv2%2Fmedia&parent=366"}],"curies":[{"name":"wp","href":"https:\/\/api.w.org\/{rel}","templated":true}]}}